{"id":6095,"date":"2022-06-01T13:05:25","date_gmt":"2022-06-01T11:05:25","guid":{"rendered":"http:\/\/sportvereintest\/?page_id=6095"},"modified":"2024-07-31T09:39:27","modified_gmt":"2024-07-31T07:39:27","slug":"faq","status":"publish","type":"page","link":"https:\/\/uhlenhaus-sportverein.de\/?page_id=6095","title":{"rendered":"FAQ"},"content":{"rendered":"\n<div data-wp-interactive=\"core\/file\" class=\"wp-block-file aligncenter\"><object data-wp-bind--hidden=\"!state.hasPdfPreview\" hidden class=\"wp-block-file__embed\" data=\"https:\/\/uhlenhaus-sportverein.de\/wp-content\/uploads\/2022\/08\/Wegweiser-zum-Rehasport-in-Mecklenburg-Vorpommern.pdf\" type=\"application\/pdf\" style=\"width:100%;height:600px\" aria-label=\"Einbettung von Wegweiser-zum-Rehasport-in-Mecklenburg-Vorpommern.\"><\/object><a id=\"wp-block-file--media-b3f957b7-141d-49e4-b1d9-8081b80ba56c\" href=\"https:\/\/uhlenhaus-sportverein.de\/wp-content\/uploads\/2022\/08\/Wegweiser-zum-Rehasport-in-Mecklenburg-Vorpommern.pdf\" target=\"_blank\" rel=\"noreferrer noopener\">Wegweiser-zum-Rehasport-in-Mecklenburg-Vorpommern<\/a><a href=\"https:\/\/uhlenhaus-sportverein.de\/wp-content\/uploads\/2022\/08\/Wegweiser-zum-Rehasport-in-Mecklenburg-Vorpommern.pdf\" class=\"wp-block-file__button wp-element-button\" download aria-describedby=\"wp-block-file--media-b3f957b7-141d-49e4-b1d9-8081b80ba56c\">Herunterladen<\/a><\/div>\n\n\n\n<div style=\"height:40px\" aria-hidden=\"true\" class=\"wp-block-spacer\"><\/div>\n\n\n\n<p class=\"has-text-align-center has-large-font-size\"><strong><mark style=\"background-color:rgba(0, 0, 0, 0);color:#b51d94\" class=\"has-inline-color\">FAQ (Frequently Asked Question)  &#8211; h\u00e4ufig gestellte Fragen<\/mark><\/strong>!<\/p>\n\n\n\n<div class=\"wp-block-columns is-layout-flex wp-container-core-columns-is-layout-28f84493 wp-block-columns-is-layout-flex\">\n<div class=\"wp-block-column is-layout-flow wp-block-column-is-layout-flow\">\n<h4 class=\"wp-block-heading\"><strong>Ich habe eine Rehasportverordnung von meinem Arzt erhalten. Was muss ich jetzt tun?<\/strong><\/h4>\n\n\n\n<p>Sie kommen mit der vom Arzt ausgef\u00fcllten Verordnung f\u00fcr Rehabilitationssport in der Sprechzeit zu uns. Dort k\u00f6nnen Sie sich \u00fcber unser Kursangebot informieren. Die Kollegin vor Ort stempelt die Verordnung ab, mit der Sie dann zu Ihrer Krankenkasse gehen.<\/p>\n\n\n\n<h4 class=\"wp-block-heading\"><strong>Meine Rehasportverordnung ist von der Krankenkasse bewilligt worden. Wie geht es jetzt weiter?<\/strong><\/h4>\n\n\n\n<p>Sie melden sich wieder bei der Vereinssprechstunde und geben dort Ihre Verordnung ab. Dort erfahren Sie dann, ab wann Sie in Ihrer neuen Gruppe starten k\u00f6nnen, was Sie mitbringen m\u00fcssen, oder wann Sie am Ort des Rehasports sein m\u00fcssen. Sie erfahren, wer Ihr \u00dcbungsleiter\/in ist und bekommen ggf. Informationen zu den Gegebenheiten vor Ort.<\/p>\n\n\n\n<h4 class=\"wp-block-heading\"><strong>Wie lange ist meine Rehasportverordnung g\u00fcltig?<\/strong><\/h4>\n\n\n\n<p>Das Verordnungsende ist auf der R\u00fcckseite der Rehasportverordnung durch Ihre Krankenkasse angegeben worden. Im Normalfall betr\u00e4gt die Laufzeit der Verordnungen 18 Monate ab Ausstellungsdatum oder 50 Termine, je nachdem, was eher erreicht ist. In bestimmten F\u00e4llen sind l\u00e4ngere Verordnungslaufzeiten m\u00f6glich.<\/p>\n\n\n\n<h4 class=\"wp-block-heading\"><strong>Meine erste Verordnung ist nun beendet. Bekomme ich eine zweite Rehasportverordnung von meiner Krankenkasse bewilligt?<\/strong><\/h4>\n\n\n\n<p>Ziel des Rehabilitationssports ist es Ihre Ausdauer und Kraft zu st\u00e4rken, Koordination und Flexibilit\u00e4t zu verbessern, das Selbstbewusstsein zu st\u00e4rken und Hilfe zur Selbsthilfe zu bieten. Selbsthilfepotentiale sollen aktiviert und Ihre Verantwortlichkeit f\u00fcr Gesundheit soll gest\u00e4rkt werden. Sie werden ebenso in der Lage dazu versetzt und dazu motiviert, langfristig selbstst\u00e4ndig und eigenverantwortlich Bewegungstraining durchzuf\u00fchren, z.B. durch weiteren Sport treiben in der bisherigen Gruppe bzw. im Verein auf eigene Kosten. Daher k\u00f6nnte Ihre zweite Verordnung von der Krankenkasse m\u00f6glicherweise nicht bewilligt werden. Sollten Sie noch nicht in der Lage sein die Bewegungseinheiten eigenverantwortlich durchzuf\u00fchren, sollten Sie es versuchen eine neue Verordnung vom Arzt durch Ihre Krankenkasse bewilligen zu lassen. Dies bedarf zumeist eine Begr\u00fcndung des Hausarztes auf der Verordnung.<\/p>\n<\/div>\n\n\n\n<div class=\"wp-block-column is-layout-flow wp-block-column-is-layout-flow\">\n<h4 class=\"wp-block-heading\"><strong>Muss ich f\u00fcr den Rehasport Geb\u00fchren zahlen? Kommen durch meine Teilnahme am Rehasport Kosten auf mich zu?<\/strong><\/h4>\n\n\n\n<p>Nein, f\u00fcr die Teilnahme an einem Rehabilitationssportkurs fallen f\u00fcr die Teilnehmer mit einer Verordnung keine Kosten oder Geb\u00fchren an. Ihre Krankenkasse kommt f\u00fcr die Kosten auf.<\/p>\n\n\n\n<h4 class=\"wp-block-heading\"><strong>Wie l\u00e4uft es bei der ersten \u00dcbungseinheit ab?<\/strong><\/h4>\n\n\n\n<p>Am besten sind Sie bei der ersten Einheit schon 15 Minuten vor Beginn der \u00dcbungseinheit am Ort des Rehasports, damit Sie sich in Ruhe umziehen k\u00f6nnen, Ihren \u00dcbungsleiter kennenlernen k\u00f6nnen und alle Fragen und Anmerkungen kl\u00e4ren k\u00f6nnen. Ihr \u00dcbungsleiter wird Sie nach Einschr\u00e4nkungen, Besonderheiten oder Behinderungen fragen, damit er oder sie eine optimale Auswahl der \u00dcbungen f\u00fcr die Gruppe zusammenstellt und kein Teilnehmer benachteiligt wird.<\/p>\n\n\n\n<h4 class=\"wp-block-heading\"><strong>Wie lange dauert eine \u00dcbungseinheit?<\/strong><\/h4>\n\n\n\n<p>Eine \u00dcbungseinheit dauert mindestens 45 Minuten.<\/p>\n\n\n\n<h4 class=\"wp-block-heading\"><strong>Hat der \u00dcbungsleiter eine Qualifikation?<\/strong><\/h4>\n\n\n\n<p>Ja, jeder \u00dcbungsleiter im Bereich Rehabilitationssport hat eine \u00dcbungsleiterlizenz B f\u00fcr einen bestimmten Fachbereich gemacht. Diese Lizenz wird alle 4 Jahre mit verschiedenen Weiterbildungen, die der \u00dcbungsleiter absolvieren muss, verl\u00e4ngert.<\/p>\n\n\n\n<h4 class=\"wp-block-heading\"><strong>Kann ich auch ohne eine Rehasportverordnung am Rehasport teilnehmen?<\/strong><\/h4>\n\n\n\n<p>Ja, Sie k\u00f6nnen Mitglied im Uhlenhaus Sportverein werden und so auch ohne Verordnung einmal w\u00f6chentlich am Rehasport teilnehmen.<\/p>\n\n\n\n<h4 class=\"wp-block-heading\"><strong>Ich konnte jetzt mehrmals nicht am Rehasport teilnehmen. Hat dies Nachteile f\u00fcr mich?<\/strong><\/h4>\n\n\n\n<p>Die Verordnung gibt Ihnen die M\u00f6glichkeit, regelm\u00e4\u00dfig w\u00f6chentlich am Sport teilzunehmen, jedoch geht man davon aus, dass Teilnehmer krankheitsbedingt auch mal nicht teilnehmen k\u00f6nnen, oder auch Feiertage oder Ausfall durch den Rehabilitationssportanbieter durch ferienbedingte Schlie\u00dfungen der Sportst\u00e4tten zu einem Ausfall f\u00fchren. Daher wurde die Verordnung f\u00fcr 50 \u00dcbungseinheiten auf 18 Monate oder 120 \u00dcbungseinheiten auf 36 Monate ausgestellt.<\/p>\n<\/div>\n<\/div>\n","protected":false},"excerpt":{"rendered":"<p>FAQ (Frequently Asked Question) &#8211; h\u00e4ufig gestellte Fragen! Ich habe eine Rehasportverordnung von meinem Arzt erhalten. Was muss ich jetzt tun? Sie [&hellip;]<\/p>\n","protected":false},"author":1,"featured_media":0,"parent":0,"menu_order":0,"comment_status":"closed","ping_status":"closed","template":"page-templates\/page_fullwidth.php","meta":{"footnotes":""},"class_list":["post-6095","page","type-page","status-publish","hentry"],"_links":{"self":[{"href":"https:\/\/uhlenhaus-sportverein.de\/index.php?rest_route=\/wp\/v2\/pages\/6095","targetHints":{"allow":["GET"]}}],"collection":[{"href":"https:\/\/uhlenhaus-sportverein.de\/index.php?rest_route=\/wp\/v2\/pages"}],"about":[{"href":"https:\/\/uhlenhaus-sportverein.de\/index.php?rest_route=\/wp\/v2\/types\/page"}],"author":[{"embeddable":true,"href":"https:\/\/uhlenhaus-sportverein.de\/index.php?rest_route=\/wp\/v2\/users\/1"}],"replies":[{"embeddable":true,"href":"https:\/\/uhlenhaus-sportverein.de\/index.php?rest_route=%2Fwp%2Fv2%2Fcomments&post=6095"}],"version-history":[{"count":15,"href":"https:\/\/uhlenhaus-sportverein.de\/index.php?rest_route=\/wp\/v2\/pages\/6095\/revisions"}],"predecessor-version":[{"id":7379,"href":"https:\/\/uhlenhaus-sportverein.de\/index.php?rest_route=\/wp\/v2\/pages\/6095\/revisions\/7379"}],"wp:attachment":[{"href":"https:\/\/uhlenhaus-sportverein.de\/index.php?rest_route=%2Fwp%2Fv2%2Fmedia&parent=6095"}],"curies":[{"name":"wp","href":"https:\/\/api.w.org\/{rel}","templated":true}]}}